{"id":1657,"date":"2014-11-27T11:57:41","date_gmt":"2014-11-27T11:57:41","guid":{"rendered":"http:\/\/tienestuweb.es\/HotelArroyoPlata\/?page_id=1657"},"modified":"2015-05-27T11:46:58","modified_gmt":"2015-05-27T11:46:58","slug":"bar-cafeteria","status":"publish","type":"page","link":"https:\/\/anterior.hotelarroyolaplata.com\/pt\/bar-cafeteria\/","title":{"rendered":"Bar-Cafeter\u00eda"},"content":{"rendered":"<p>La c\u00e1lida cafeter\u00eda le permite saborear una variedad de pinchos y raciones elaboradas con productos de la tierra. Esta comunicada con una amplia zona de terraza, tanto al aire libre como cubierta; desde la que podr\u00e1 relajarse con unas maravillosas vistas.<\/p>","protected":false},"excerpt":{"rendered":"<p>La c\u00e1lida cafeter\u00eda le permite saborear una variedad de pinchos y raciones elaboradas con productos de la tierra. Esta comunicada con una amplia zona de terraza, tanto al aire libre como cubierta; desde la que podr\u00e1 relajarse con unas maravillosas vistas.<\/p>\n","protected":false},"author":3,"featured_media":0,"parent":0,"menu_order":0,"comment_status":"open","ping_status":"open","template":"","meta":{"footnotes":""},"class_list":["post-1657","page","type-page","status-publish","hentry"],"_links":{"self":[{"href":"https:\/\/anterior.hotelarroyolaplata.com\/pt\/wp-json\/wp\/v2\/pages\/1657"}],"collection":[{"href":"https:\/\/anterior.hotelarroyolaplata.com\/pt\/wp-json\/wp\/v2\/pages"}],"about":[{"href":"https:\/\/anterior.hotelarroyolaplata.com\/pt\/wp-json\/wp\/v2\/types\/page"}],"author":[{"embeddable":true,"href":"https:\/\/anterior.hotelarroyolaplata.com\/pt\/wp-json\/wp\/v2\/users\/3"}],"replies":[{"embeddable":true,"href":"https:\/\/anterior.hotelarroyolaplata.com\/pt\/wp-json\/wp\/v2\/comments?post=1657"}],"version-history":[{"count":8,"href":"https:\/\/anterior.hotelarroyolaplata.com\/pt\/wp-json\/wp\/v2\/pages\/1657\/revisions"}],"predecessor-version":[{"id":2110,"href":"https:\/\/anterior.hotelarroyolaplata.com\/pt\/wp-json\/wp\/v2\/pages\/1657\/revisions\/2110"}],"wp:attachment":[{"href":"https:\/\/anterior.hotelarroyolaplata.com\/pt\/wp-json\/wp\/v2\/media?parent=1657"}],"curies":[{"name":"wp","href":"https:\/\/api.w.org\/{rel}","templated":true}]}}