{"id":1553,"date":"2014-11-26T10:24:42","date_gmt":"2014-11-26T10:24:42","guid":{"rendered":"http:\/\/192.168.1.80\/HotelArroyoPlata\/?page_id=1553"},"modified":"2023-03-01T17:58:40","modified_gmt":"2023-03-01T17:58:40","slug":"inicio","status":"publish","type":"page","link":"https:\/\/anterior.hotelarroyolaplata.com\/pt\/","title":{"rendered":"Inicio"},"content":{"rendered":"<p><div class=\"four columns alpha\">\n<div style=\"align: center;\"><\/div>\n<div class=\"twelve columns omega\"><\/div><div class=\"clear\"><\/div>\n<p>Entre dehesas y arroyos, en un marco incomparable ba\u00f1ado por la ribera del R\u00edo Ardila, afluente del Guadiana, y a menos de cinco minutos de Jerez de los Caballeros (ciudad que es Conjunto Hist\u00f3rico Art\u00edstico), se encuentra Hacienda Arroyo La Plata.<\/p>\n<p>Las instalaciones de Hacienda Arroyo La Plata est\u00e1n en pleno corredor de zona ZEPA (Zona de Especial Protecci\u00f3n de Aves), y se encuentra rodeada por una vasta campi\u00f1a de alcornocales y encinares que permiten criar y cebar al preciado cerdo ib\u00e9rico de bellota, el cual cuenta con la denominaci\u00f3n de origen propia de la regi\u00f3n: D.O. Dehesa de Extremadura.<\/p>\n<p>El proyecto Hacienda Arroyo La Plata, se fundamenta en el Principio de Turismo Universal o Turismo para Todos. Las instalaciones son absolutamente accesibles a todo tipo de personas, lo que facilita la pr\u00e1ctica del turismo y ocio inclusivo a todos nuestros clientes, con o sin discapacidad.<\/p>\n<p><a href=\"https:\/\/anterior.hotelarroyolaplata.com\/wp-content\/uploads\/2022\/10\/LOGO-BICOLOR-scaled.jpg\"><img loading=\"lazy\" decoding=\"async\" class=\"alignnone  wp-image-2313\" src=\"https:\/\/anterior.hotelarroyolaplata.com\/wp-content\/uploads\/2022\/10\/LOGO-BICOLOR-300x212.jpg\" alt=\"\" width=\"146\" height=\"103\" srcset=\"https:\/\/anterior.hotelarroyolaplata.com\/wp-content\/uploads\/2022\/10\/LOGO-BICOLOR-300x212.jpg 300w, https:\/\/anterior.hotelarroyolaplata.com\/wp-content\/uploads\/2022\/10\/LOGO-BICOLOR-1024x724.jpg 1024w, https:\/\/anterior.hotelarroyolaplata.com\/wp-content\/uploads\/2022\/10\/LOGO-BICOLOR-768x543.jpg 768w, https:\/\/anterior.hotelarroyolaplata.com\/wp-content\/uploads\/2022\/10\/LOGO-BICOLOR-1536x1086.jpg 1536w, https:\/\/anterior.hotelarroyolaplata.com\/wp-content\/uploads\/2022\/10\/LOGO-BICOLOR-2048x1448.jpg 2048w, https:\/\/anterior.hotelarroyolaplata.com\/wp-content\/uploads\/2022\/10\/LOGO-BICOLOR-930x657.jpg 930w\" sizes=\"(max-width: 146px) 100vw, 146px\" \/><\/a><\/p>\n<\/div><\/p>\n<p><b><script type=\"text\/javascript\" src=\"https:\/\/www.octorate.com\/octobook\/resources\/widget\/js\/form.js\" data-sitekey=\"ed3f5473ac44dc6098bfa796ce094cac\"><\/script><\/b><\/p>","protected":false},"excerpt":{"rendered":"<p>Desculpe-nos, mas este texto esta apenas dispon\u00edvel em Deutsch y English.<\/p>\n","protected":false},"author":3,"featured_media":0,"parent":0,"menu_order":0,"comment_status":"open","ping_status":"open","template":"","meta":{"footnotes":""},"class_list":["post-1553","page","type-page","status-publish","hentry"],"_links":{"self":[{"href":"https:\/\/anterior.hotelarroyolaplata.com\/pt\/wp-json\/wp\/v2\/pages\/1553"}],"collection":[{"href":"https:\/\/anterior.hotelarroyolaplata.com\/pt\/wp-json\/wp\/v2\/pages"}],"about":[{"href":"https:\/\/anterior.hotelarroyolaplata.com\/pt\/wp-json\/wp\/v2\/types\/page"}],"author":[{"embeddable":true,"href":"https:\/\/anterior.hotelarroyolaplata.com\/pt\/wp-json\/wp\/v2\/users\/3"}],"replies":[{"embeddable":true,"href":"https:\/\/anterior.hotelarroyolaplata.com\/pt\/wp-json\/wp\/v2\/comments?post=1553"}],"version-history":[{"count":68,"href":"https:\/\/anterior.hotelarroyolaplata.com\/pt\/wp-json\/wp\/v2\/pages\/1553\/revisions"}],"predecessor-version":[{"id":2385,"href":"https:\/\/anterior.hotelarroyolaplata.com\/pt\/wp-json\/wp\/v2\/pages\/1553\/revisions\/2385"}],"wp:attachment":[{"href":"https:\/\/anterior.hotelarroyolaplata.com\/pt\/wp-json\/wp\/v2\/media?parent=1553"}],"curies":[{"name":"wp","href":"https:\/\/api.w.org\/{rel}","templated":true}]}}