{"id":1451,"date":"2014-11-24T17:11:37","date_gmt":"2014-11-24T17:11:37","guid":{"rendered":"http:\/\/192.168.1.80\/HotelArroyoPlata\/?page_id=1451"},"modified":"2015-05-27T11:26:53","modified_gmt":"2015-05-27T11:26:53","slug":"servicios","status":"publish","type":"page","link":"https:\/\/anterior.hotelarroyolaplata.com\/pt\/servicios\/","title":{"rendered":"Servicios"},"content":{"rendered":"<p><\/p>\n<h2>Servicios<\/h2>\n<p>Dentro de la amplia oferta de servicios que ofertamos se encuentran:<\/p>\n<ul>\n<li><strong>Servicio de Alojamiento<\/strong>: Se facilita alojamiento sin necesidad de contratar el resto de servicios complementarios.<\/li>\n<li><strong>Servicio de Restauraci\u00f3n<\/strong>: Se proporciona este servicio tanto en nuestro establecimiento como en las instalaciones anejas o en las actividades contratadas a la empresa Alona Turismo, que gestiona la Hacienda Arroyo La Plata. Adem\u00e1s de los mencionados men\u00fas para grupos en la pesta\u00f1a BAR-CAFETER\u00cdA, nuestra cocina elabora dietas personalizadas o por prescripci\u00f3n m\u00e9dica para aquellas personas que lo soliciten.<\/li>\n<li><strong>Servicio de Intermediaci\u00f3n<\/strong>: El proyecto Hacienda Arroyo La Plata cuenta con una amplia Red de Empresas y Aut\u00f3nomos que puede gestionar cualesquiera de los servicios tur\u00edsticos susceptibles de ser demandados por los usuarios de nuestras instalaciones.<\/li>\n<li><strong>Servicio de Informaci\u00f3n<\/strong>: Se facilita a nuestros clientes la informaci\u00f3n precisa y necesaria sobre los recursos tur\u00edsticos de toda la comarca suroeste de Extremadura y aleda\u00f1os.<\/li>\n<li><strong>Servicio de Acogida<\/strong>: Para la organizaci\u00f3n de m\u00faltiples eventos y celebraciones.<br \/>\n<div class=\"list-star\"><\/p>\n<ul style=\"margin-top:5px;margin-bottom:5px;\">\n<li>Eventos: asambleas, comisiones de trabajo, encuentros, foros, reuniones de equipo y otros.<\/li>\n<li>Formaci\u00f3n: toda clase de cursos, jornadas, conferencias y seminarios con el contenido que nos sea demandado.<\/li>\n<li>Idiomas.<\/li>\n<li>Paquetes formativos y de actividades.<\/li>\n<\/ul>\n<p><\/div><\/p>\n<\/li>\n<li><strong>Servicio de actividades<\/strong>: Se confeccionan actividades programadas, conducidas y evaluadas por los profesionales que gestionan el proyecto o contratadas para un evento en cuesti\u00f3n.<\/li>\n<\/ul>\n<p><\/p>","protected":false},"excerpt":{"rendered":"<p>Servicios Dentro de la amplia oferta de servicios que ofertamos se encuentran: Servicio de Alojamiento: Se facilita alojamiento sin necesidad de contratar el resto de servicios complementarios. Servicio de Restauraci\u00f3n: Se proporciona este servicio tanto en nuestro establecimiento como en las instalaciones anejas o en las actividades contratadas a la empresa Alona Turismo, que gestiona [&hellip;]<\/p>\n","protected":false},"author":3,"featured_media":0,"parent":0,"menu_order":0,"comment_status":"open","ping_status":"open","template":"","meta":{"footnotes":""},"class_list":["post-1451","page","type-page","status-publish","hentry"],"_links":{"self":[{"href":"https:\/\/anterior.hotelarroyolaplata.com\/pt\/wp-json\/wp\/v2\/pages\/1451"}],"collection":[{"href":"https:\/\/anterior.hotelarroyolaplata.com\/pt\/wp-json\/wp\/v2\/pages"}],"about":[{"href":"https:\/\/anterior.hotelarroyolaplata.com\/pt\/wp-json\/wp\/v2\/types\/page"}],"author":[{"embeddable":true,"href":"https:\/\/anterior.hotelarroyolaplata.com\/pt\/wp-json\/wp\/v2\/users\/3"}],"replies":[{"embeddable":true,"href":"https:\/\/anterior.hotelarroyolaplata.com\/pt\/wp-json\/wp\/v2\/comments?post=1451"}],"version-history":[{"count":10,"href":"https:\/\/anterior.hotelarroyolaplata.com\/pt\/wp-json\/wp\/v2\/pages\/1451\/revisions"}],"predecessor-version":[{"id":2102,"href":"https:\/\/anterior.hotelarroyolaplata.com\/pt\/wp-json\/wp\/v2\/pages\/1451\/revisions\/2102"}],"wp:attachment":[{"href":"https:\/\/anterior.hotelarroyolaplata.com\/pt\/wp-json\/wp\/v2\/media?parent=1451"}],"curies":[{"name":"wp","href":"https:\/\/api.w.org\/{rel}","templated":true}]}}