{"id":1553,"date":"2014-11-26T10:24:42","date_gmt":"2014-11-26T10:24:42","guid":{"rendered":"http:\/\/192.168.1.80\/HotelArroyoPlata\/?page_id=1553"},"modified":"2023-03-01T17:58:40","modified_gmt":"2023-03-01T17:58:40","slug":"inicio","status":"publish","type":"page","link":"https:\/\/anterior.hotelarroyolaplata.com\/de\/","title":{"rendered":"Beginn"},"content":{"rendered":"<p><div class=\"four columns alpha\">\n<div style=\"align: center;\"><\/div>\n<\/div><\/p>\n<div class=\"twelve columns omega\">\n<p>In einem\u00a0 unvergesslichem Rahmen, zwischen Weidenpl\u00e4tzen und B\u00e4chen, in der N\u00e4he des Flusses Ardila, Einm\u00fcndung des Guadiana\u00a0 und nur f\u00fcnf Minuten von Jerez de los Caballeros (ausgewiesen als kunsthistorischer Standort) \u00a0befindet sich Hacienda Arroyo la Plata.<\/p>\n<p>Unsere Installationen befinden sich mitten der Zona Zepa (spezielle gesch\u00fctzte Vogelzone), umgeben von Stein- und Korkeichenw\u00e4ldern wo iberische Schweine gez\u00fcchtet werden und die mit der Ursprungsbezeichnung Dehesa de Extremadura z\u00e4hlt.<\/p>\n<p>Hacienda Arroyo la Plata und deren Aktivit\u00e4ten bauen auf dem Prinzip des \u201cUniversellen Tourismus\u201d; \u201cTourismus zug\u00e4nglich f\u00fcr Alle\u201c auf: Unsere behindertengerechten \u00a0Installationen f\u00f6rdern Tourismus und Freizeit f\u00fcr alle unsere Kunden mit oder ohne Behinderung.<\/p>\n<p><a href=\"https:\/\/anterior.hotelarroyolaplata.com\/wp-content\/uploads\/2022\/10\/LOGO-BICOLOR-scaled.jpg\"><img loading=\"lazy\" decoding=\"async\" class=\"alignnone  wp-image-2313\" src=\"https:\/\/anterior.hotelarroyolaplata.com\/wp-content\/uploads\/2022\/10\/LOGO-BICOLOR-300x212.jpg\" alt=\"\" width=\"132\" height=\"93\" srcset=\"https:\/\/anterior.hotelarroyolaplata.com\/wp-content\/uploads\/2022\/10\/LOGO-BICOLOR-300x212.jpg 300w, https:\/\/anterior.hotelarroyolaplata.com\/wp-content\/uploads\/2022\/10\/LOGO-BICOLOR-1024x724.jpg 1024w, https:\/\/anterior.hotelarroyolaplata.com\/wp-content\/uploads\/2022\/10\/LOGO-BICOLOR-768x543.jpg 768w, https:\/\/anterior.hotelarroyolaplata.com\/wp-content\/uploads\/2022\/10\/LOGO-BICOLOR-1536x1086.jpg 1536w, https:\/\/anterior.hotelarroyolaplata.com\/wp-content\/uploads\/2022\/10\/LOGO-BICOLOR-2048x1448.jpg 2048w, https:\/\/anterior.hotelarroyolaplata.com\/wp-content\/uploads\/2022\/10\/LOGO-BICOLOR-930x657.jpg 930w\" sizes=\"(max-width: 132px) 100vw, 132px\" \/><\/a><\/p>\n<\/div><div class=\"clear\"><\/div><\/p>\n<p><b><script type=\"text\/javascript\" src=\"https:\/\/www.octorate.com\/octobook\/resources\/widget\/js\/form.js\" data-sitekey=\"ed3f5473ac44dc6098bfa796ce094cac\"><\/script><\/b><\/p>","protected":false},"excerpt":{"rendered":"","protected":false},"author":3,"featured_media":0,"parent":0,"menu_order":0,"comment_status":"open","ping_status":"open","template":"","meta":{"footnotes":""},"class_list":["post-1553","page","type-page","status-publish","hentry"],"_links":{"self":[{"href":"https:\/\/anterior.hotelarroyolaplata.com\/de\/wp-json\/wp\/v2\/pages\/1553"}],"collection":[{"href":"https:\/\/anterior.hotelarroyolaplata.com\/de\/wp-json\/wp\/v2\/pages"}],"about":[{"href":"https:\/\/anterior.hotelarroyolaplata.com\/de\/wp-json\/wp\/v2\/types\/page"}],"author":[{"embeddable":true,"href":"https:\/\/anterior.hotelarroyolaplata.com\/de\/wp-json\/wp\/v2\/users\/3"}],"replies":[{"embeddable":true,"href":"https:\/\/anterior.hotelarroyolaplata.com\/de\/wp-json\/wp\/v2\/comments?post=1553"}],"version-history":[{"count":68,"href":"https:\/\/anterior.hotelarroyolaplata.com\/de\/wp-json\/wp\/v2\/pages\/1553\/revisions"}],"predecessor-version":[{"id":2385,"href":"https:\/\/anterior.hotelarroyolaplata.com\/de\/wp-json\/wp\/v2\/pages\/1553\/revisions\/2385"}],"wp:attachment":[{"href":"https:\/\/anterior.hotelarroyolaplata.com\/de\/wp-json\/wp\/v2\/media?parent=1553"}],"curies":[{"name":"wp","href":"https:\/\/api.w.org\/{rel}","templated":true}]}}