{"id":1451,"date":"2014-11-24T17:11:37","date_gmt":"2014-11-24T17:11:37","guid":{"rendered":"http:\/\/192.168.1.80\/HotelArroyoPlata\/?page_id=1451"},"modified":"2015-05-27T11:26:53","modified_gmt":"2015-05-27T11:26:53","slug":"servicios","status":"publish","type":"page","link":"https:\/\/anterior.hotelarroyolaplata.com\/de\/servicios\/","title":{"rendered":"Dienstleistungen"},"content":{"rendered":"<p><\/p>\n<h2><strong>Dienstleistungen<\/strong><\/h2>\n<p>In unserem Angebot befinden sich:<\/p>\n<ul>\n<li><strong>\u00dcbernachtung<\/strong>: \u00dcbernachtungsm\u00f6glichkeit, ohne dass die zus\u00e4tzlichen Dienstleistungen gebucht werden m\u00fcssen<\/li>\n<li><strong>Restaurant<\/strong>: In unseren Restaurant Installationen oder w\u00e4hrend den Aktivit\u00e4ten, die bei Alona Turismo beantragt werden. Au\u00dferdem bieten wie Gruppenmen\u00fcs in unsern BAR-CAEFETERIA an. Unsere K\u00fcche passt Men\u00fcs an Di\u00e4ten an oder erstellt spezielle von \u00c4rzten verschriebenen Men\u00fcs zusammen.<\/li>\n<li><strong>Touristische Dienstleistungen<\/strong>: Hacienda Arroyo La Plata vermittelt touristische Servicedienstleistungen, die von unseren G\u00e4sten beantragt werden \u00fcber Dritte an.<\/li>\n<li><strong>Information<\/strong>: Unsere G\u00e4ste werden \u00fcber alle touristischen Ressourcen in der s\u00fcdwestlichen Region Extremaduras informiert.<\/li>\n<li><strong>Empfang von mehrfachen.<\/strong> Events und Feierlichkeiten:<\/li>\n<li><div class=\"list-star\"><\/li>\n<li>\n<ul style=\"margin-top: 5px; margin-bottom: 5px;\">\n<li>Events: Sitzungen, Arbeitsgruppen, Treffen, Forum, Meetings und andere<\/li>\n<li>Schulung: Kurse aller Art, Tagessitzungen, Konferenzen und Seminare mit dem Inhalt, der beantragt wird.<\/li>\n<li>Sprachen.<\/li>\n<li>Schulungs-und Aktivit\u00e4ten Pakete<\/li>\n<\/ul>\n<p><\/div><\/p>\n<p><strong><strong><strong>\u00a0 \u00a0Aktivit\u00e4ten<\/strong>: <\/strong><\/strong>Wir stellen programmierte Aktivit\u00e4ten zusammen, die von professionellen durchgef\u00fchrt werden.<strong><strong><br \/>\n<\/strong><\/strong><\/li>\n<\/ul>\n<p><\/p>","protected":false},"excerpt":{"rendered":"<p>Dienstleistungen In unserem Angebot befinden sich: \u00dcbernachtung: \u00dcbernachtungsm\u00f6glichkeit, ohne dass die zus\u00e4tzlichen Dienstleistungen gebucht werden m\u00fcssen Restaurant: In unseren Restaurant Installationen oder w\u00e4hrend den Aktivit\u00e4ten, die bei Alona Turismo beantragt werden. Au\u00dferdem bieten wie Gruppenmen\u00fcs in unsern BAR-CAEFETERIA an. Unsere K\u00fcche passt Men\u00fcs an Di\u00e4ten an oder erstellt spezielle von \u00c4rzten verschriebenen Men\u00fcs zusammen. Touristische [&hellip;]<\/p>\n","protected":false},"author":3,"featured_media":0,"parent":0,"menu_order":0,"comment_status":"open","ping_status":"open","template":"","meta":{"footnotes":""},"class_list":["post-1451","page","type-page","status-publish","hentry"],"_links":{"self":[{"href":"https:\/\/anterior.hotelarroyolaplata.com\/de\/wp-json\/wp\/v2\/pages\/1451"}],"collection":[{"href":"https:\/\/anterior.hotelarroyolaplata.com\/de\/wp-json\/wp\/v2\/pages"}],"about":[{"href":"https:\/\/anterior.hotelarroyolaplata.com\/de\/wp-json\/wp\/v2\/types\/page"}],"author":[{"embeddable":true,"href":"https:\/\/anterior.hotelarroyolaplata.com\/de\/wp-json\/wp\/v2\/users\/3"}],"replies":[{"embeddable":true,"href":"https:\/\/anterior.hotelarroyolaplata.com\/de\/wp-json\/wp\/v2\/comments?post=1451"}],"version-history":[{"count":10,"href":"https:\/\/anterior.hotelarroyolaplata.com\/de\/wp-json\/wp\/v2\/pages\/1451\/revisions"}],"predecessor-version":[{"id":2102,"href":"https:\/\/anterior.hotelarroyolaplata.com\/de\/wp-json\/wp\/v2\/pages\/1451\/revisions\/2102"}],"wp:attachment":[{"href":"https:\/\/anterior.hotelarroyolaplata.com\/de\/wp-json\/wp\/v2\/media?parent=1451"}],"curies":[{"name":"wp","href":"https:\/\/api.w.org\/{rel}","templated":true}]}}